{"id":8,"date":"2025-04-17T21:44:03","date_gmt":"2025-04-17T21:44:03","guid":{"rendered":"https:\/\/udbudsdanmark.dk\/?page_id=8"},"modified":"2025-04-28T20:26:37","modified_gmt":"2025-04-28T20:26:37","slug":"udbudsdanmark","status":"publish","type":"page","link":"https:\/\/udbudsdanmark.dk\/","title":{"rendered":"udbudsdanmark"},"content":{"rendered":"\n<div class=\"wp-block-columns is-layout-flex wp-container-core-columns-is-layout-28f84493 wp-block-columns-is-layout-flex\">\n<div class=\"wp-block-column is-layout-flow wp-block-column-is-layout-flow\" style=\"flex-basis:33.33%\">\n<h2 class=\"wp-block-heading\">Siden er under opbygning<\/h2>\n<\/div>\n\n\n\n<div class=\"wp-block-column is-layout-flow wp-block-column-is-layout-flow\" style=\"flex-basis:66.66%\">\n<p>Udbudsdanmark indeholder artikler og nyheder om udbudsret.<\/p>\n\n\n\n<p><br>Ambitionen er at skabe en platform, hvor viden om udbud pr\u00e6senteres i et praktisk perspektiv, der kan anvendes i den virkelige verden.<\/p>\n\n\n\n<p><br>Siden drives som et privat fritidsprojekt. Du kan l\u00e6se mere om min baggrund under \u201c<a href=\"https:\/\/udbudsdanmark.dk\/index.php\/om\/\">Om<\/a>\u201d.<\/p>\n<\/div>\n<\/div>\n\n\n\n<hr class=\"wp-block-separator has-text-color has-alpha-channel-opacity has-background is-style-wide\" style=\"background-color:#003366;color:#003366\"\/>\n\n\n\n<div class=\"wp-block-query is-layout-flow wp-block-query-is-layout-flow\"><ul class=\"columns-3 wp-block-post-template is-layout-grid wp-container-core-post-template-is-layout-6d3fbd8f wp-block-post-template-is-layout-grid\"><li class=\"wp-block-post post-96 post type-post status-publish format-standard hentry category-https-udbudsdanmark-dk-index-php-artikler\">\n\n<div class=\"wp-block-group is-layout-flow wp-block-group-is-layout-flow\" style=\"padding-top:30px;padding-right:30px;padding-bottom:30px;padding-left:30px\"><h2 class=\"wp-block-post-title\"><a href=\"https:\/\/udbudsdanmark.dk\/index.php\/2025\/04\/18\/test-4\/\" target=\"_self\" >test 4<\/a><\/h2>\n\n<div class=\"wp-block-post-excerpt\"><p class=\"wp-block-post-excerpt__excerpt\">Artiklen handler om&#8230;..kfafoafjpafajfafpjafajgdpjafpajdgpajsdgpjafpjagdpjag <\/p><\/div>\n\n<div class=\"wp-block-post-date\"><time datetime=\"2025-04-18T21:55:18+00:00\">18\/04\/2025<\/time><\/div><\/div>\n\n<\/li><li class=\"wp-block-post post-94 post type-post status-publish format-standard hentry category-https-udbudsdanmark-dk-index-php-nyheder\">\n\n<div class=\"wp-block-group is-layout-flow wp-block-group-is-layout-flow\" style=\"padding-top:30px;padding-right:30px;padding-bottom:30px;padding-left:30px\"><h2 class=\"wp-block-post-title\"><a href=\"https:\/\/udbudsdanmark.dk\/index.php\/2025\/04\/18\/test-3\/\" target=\"_self\" >Test 3<\/a><\/h2>\n\n<div class=\"wp-block-post-excerpt\"><p class=\"wp-block-post-excerpt__excerpt\">Artiklen handler om&#8230;.a\u00e5kf\u00e5askf\u00e6kaf\u00e6jaf\u00e6af\u00e6af <\/p><\/div>\n\n<div class=\"wp-block-post-date\"><time datetime=\"2025-04-18T21:54:48+00:00\">18\/04\/2025<\/time><\/div><\/div>\n\n<\/li><li class=\"wp-block-post post-92 post type-post status-publish format-standard hentry category-https-udbudsdanmark-dk-index-php-nyheder\">\n\n<div class=\"wp-block-group is-layout-flow wp-block-group-is-layout-flow\" style=\"padding-top:30px;padding-right:30px;padding-bottom:30px;padding-left:30px\"><h2 class=\"wp-block-post-title\"><a href=\"https:\/\/udbudsdanmark.dk\/index.php\/2025\/04\/18\/test-2\/\" target=\"_self\" >Test 2<\/a><\/h2>\n\n<div class=\"wp-block-post-excerpt\"><p class=\"wp-block-post-excerpt__excerpt\">Artiklen handler om&#8230;.a\u00e5kf\u00e5askf\u00e6kaf\u00e6jaf\u00e6af\u00e6af <\/p><\/div>\n\n<div class=\"wp-block-post-date\"><time datetime=\"2025-04-18T21:54:14+00:00\">18\/04\/2025<\/time><\/div><\/div>\n\n<\/li><li class=\"wp-block-post post-90 post type-post status-publish format-standard hentry category-https-udbudsdanmark-dk-index-php-artikler\">\n\n<div class=\"wp-block-group is-layout-flow wp-block-group-is-layout-flow\" style=\"padding-top:30px;padding-right:30px;padding-bottom:30px;padding-left:30px\"><h2 class=\"wp-block-post-title\"><a href=\"https:\/\/udbudsdanmark.dk\/index.php\/2025\/04\/18\/test1\/\" target=\"_self\" >Test1<\/a><\/h2>\n\n<div class=\"wp-block-post-excerpt\"><p class=\"wp-block-post-excerpt__excerpt\">Artiklen handler om&#8230;.Artiklen handler om&#8230;.a\u00e5kf\u00e5askf\u00e6kaf\u00e6jaf\u00e6af\u00e6af <\/p><\/div>\n\n<div class=\"wp-block-post-date\"><time datetime=\"2025-04-18T21:53:23+00:00\">18\/04\/2025<\/time><\/div><\/div>\n\n<\/li><\/ul><\/div>\n","protected":false},"excerpt":{"rendered":"<p>Siden er under opbygning Udbudsdanmark indeholder artikler og nyheder om udbudsret. Ambitionen er at skabe en platform, hvor viden om [&hellip;]<\/p>\n","protected":false},"author":1,"featured_media":0,"parent":0,"menu_order":0,"comment_status":"closed","ping_status":"closed","template":"","meta":{"site-sidebar-layout":"default","site-content-layout":"","ast-site-content-layout":"default","site-content-style":"default","site-sidebar-style":"default","ast-global-header-display":"","ast-banner-title-visibility":"","ast-main-header-display":"","ast-hfb-above-header-display":"","ast-hfb-below-header-display":"","ast-hfb-mobile-header-display":"","site-post-title":"disabled","ast-breadcrumbs-content":"","ast-featured-img":"","footer-sml-layout":"","theme-transparent-header-meta":"","adv-header-id-meta":"","stick-header-meta":"","header-above-stick-meta":"","header-main-stick-meta":"","header-below-stick-meta":"","astra-migrate-meta-layouts":"default","ast-page-background-enabled":"default","ast-page-background-meta":{"desktop":{"background-color":"var(--ast-global-color-5)","background-image":"","background-repeat":"repeat","background-position":"center center","background-size":"auto","background-attachment":"scroll","background-type":"","background-media":"","overlay-type":"","overlay-color":"","overlay-opacity":"","overlay-gradient":""},"tablet":{"background-color":"","background-image":"","background-repeat":"repeat","background-position":"center center","background-size":"auto","background-attachment":"scroll","background-type":"","background-media":"","overlay-type":"","overlay-color":"","overlay-opacity":"","overlay-gradient":""},"mobile":{"background-color":"","background-image":"","background-repeat":"repeat","background-position":"center center","background-size":"auto","background-attachment":"scroll","background-type":"","background-media":"","overlay-type":"","overlay-color":"","overlay-opacity":"","overlay-gradient":""}},"ast-content-background-meta":{"desktop":{"background-color":"var(--ast-global-color-4)","background-image":"","background-repeat":"repeat","background-position":"center center","background-size":"auto","background-attachment":"scroll","background-type":"","background-media":"","overlay-type":"","overlay-color":"","overlay-opacity":"","overlay-gradient":""},"tablet":{"background-color":"var(--ast-global-color-4)","background-image":"","background-repeat":"repeat","background-position":"center center","background-size":"auto","background-attachment":"scroll","background-type":"","background-media":"","overlay-type":"","overlay-color":"","overlay-opacity":"","overlay-gradient":""},"mobile":{"background-color":"var(--ast-global-color-4)","background-image":"","background-repeat":"repeat","background-position":"center center","background-size":"auto","background-attachment":"scroll","background-type":"","background-media":"","overlay-type":"","overlay-color":"","overlay-opacity":"","overlay-gradient":""}},"footnotes":""},"class_list":["post-8","page","type-page","status-publish","hentry"],"yoast_head":"<!-- This site is optimized with the Yoast SEO plugin v24.9 - https:\/\/yoast.com\/wordpress\/plugins\/seo\/ -->\n<title>udbudsdanmark - udbudsdanmark<\/title>\n<meta name=\"robots\" content=\"index, follow, max-snippet:-1, max-image-preview:large, max-video-preview:-1\" \/>\n<link rel=\"canonical\" href=\"https:\/\/udbudsdanmark.dk\/\" \/>\n<meta property=\"og:locale\" content=\"da_DK\" \/>\n<meta property=\"og:type\" content=\"article\" \/>\n<meta property=\"og:title\" content=\"udbudsdanmark - udbudsdanmark\" \/>\n<meta property=\"og:description\" content=\"Siden er under opbygning Udbudsdanmark indeholder artikler og nyheder om udbudsret. Ambitionen er at skabe en platform, hvor viden om [&hellip;]\" \/>\n<meta property=\"og:url\" content=\"https:\/\/udbudsdanmark.dk\/\" \/>\n<meta property=\"og:site_name\" content=\"udbudsdanmark\" \/>\n<meta property=\"article:modified_time\" content=\"2025-04-28T20:26:37+00:00\" \/>\n<meta name=\"twitter:card\" content=\"summary_large_image\" \/>\n<script type=\"application\/ld+json\" class=\"yoast-schema-graph\">{\"@context\":\"https:\/\/schema.org\",\"@graph\":[{\"@type\":\"WebPage\",\"@id\":\"https:\/\/udbudsdanmark.dk\/\",\"url\":\"https:\/\/udbudsdanmark.dk\/\",\"name\":\"udbudsdanmark - udbudsdanmark\",\"isPartOf\":{\"@id\":\"https:\/\/udbudsdanmark.dk\/#website\"},\"datePublished\":\"2025-04-17T21:44:03+00:00\",\"dateModified\":\"2025-04-28T20:26:37+00:00\",\"breadcrumb\":{\"@id\":\"https:\/\/udbudsdanmark.dk\/#breadcrumb\"},\"inLanguage\":\"da-DK\",\"potentialAction\":[{\"@type\":\"ReadAction\",\"target\":[\"https:\/\/udbudsdanmark.dk\/\"]}]},{\"@type\":\"BreadcrumbList\",\"@id\":\"https:\/\/udbudsdanmark.dk\/#breadcrumb\",\"itemListElement\":[{\"@type\":\"ListItem\",\"position\":1,\"name\":\"Hjem\",\"item\":\"https:\/\/udbudsdanmark.dk\/\"},{\"@type\":\"ListItem\",\"position\":2,\"name\":\"udbudsdanmark\"}]},{\"@type\":\"WebSite\",\"@id\":\"https:\/\/udbudsdanmark.dk\/#website\",\"url\":\"https:\/\/udbudsdanmark.dk\/\",\"name\":\"udbudsdanmark\",\"description\":\"\",\"potentialAction\":[{\"@type\":\"SearchAction\",\"target\":{\"@type\":\"EntryPoint\",\"urlTemplate\":\"https:\/\/udbudsdanmark.dk\/?s={search_term_string}\"},\"query-input\":{\"@type\":\"PropertyValueSpecification\",\"valueRequired\":true,\"valueName\":\"search_term_string\"}}],\"inLanguage\":\"da-DK\"}]}<\/script>\n<!-- \/ Yoast SEO plugin. -->","yoast_head_json":{"title":"udbudsdanmark - udbudsdanmark","robots":{"index":"index","follow":"follow","max-snippet":"max-snippet:-1","max-image-preview":"max-image-preview:large","max-video-preview":"max-video-preview:-1"},"canonical":"https:\/\/udbudsdanmark.dk\/","og_locale":"da_DK","og_type":"article","og_title":"udbudsdanmark - udbudsdanmark","og_description":"Siden er under opbygning Udbudsdanmark indeholder artikler og nyheder om udbudsret. Ambitionen er at skabe en platform, hvor viden om [&hellip;]","og_url":"https:\/\/udbudsdanmark.dk\/","og_site_name":"udbudsdanmark","article_modified_time":"2025-04-28T20:26:37+00:00","twitter_card":"summary_large_image","schema":{"@context":"https:\/\/schema.org","@graph":[{"@type":"WebPage","@id":"https:\/\/udbudsdanmark.dk\/","url":"https:\/\/udbudsdanmark.dk\/","name":"udbudsdanmark - udbudsdanmark","isPartOf":{"@id":"https:\/\/udbudsdanmark.dk\/#website"},"datePublished":"2025-04-17T21:44:03+00:00","dateModified":"2025-04-28T20:26:37+00:00","breadcrumb":{"@id":"https:\/\/udbudsdanmark.dk\/#breadcrumb"},"inLanguage":"da-DK","potentialAction":[{"@type":"ReadAction","target":["https:\/\/udbudsdanmark.dk\/"]}]},{"@type":"BreadcrumbList","@id":"https:\/\/udbudsdanmark.dk\/#breadcrumb","itemListElement":[{"@type":"ListItem","position":1,"name":"Hjem","item":"https:\/\/udbudsdanmark.dk\/"},{"@type":"ListItem","position":2,"name":"udbudsdanmark"}]},{"@type":"WebSite","@id":"https:\/\/udbudsdanmark.dk\/#website","url":"https:\/\/udbudsdanmark.dk\/","name":"udbudsdanmark","description":"","potentialAction":[{"@type":"SearchAction","target":{"@type":"EntryPoint","urlTemplate":"https:\/\/udbudsdanmark.dk\/?s={search_term_string}"},"query-input":{"@type":"PropertyValueSpecification","valueRequired":true,"valueName":"search_term_string"}}],"inLanguage":"da-DK"}]}},"_links":{"self":[{"href":"https:\/\/udbudsdanmark.dk\/index.php\/wp-json\/wp\/v2\/pages\/8","targetHints":{"allow":["GET"]}}],"collection":[{"href":"https:\/\/udbudsdanmark.dk\/index.php\/wp-json\/wp\/v2\/pages"}],"about":[{"href":"https:\/\/udbudsdanmark.dk\/index.php\/wp-json\/wp\/v2\/types\/page"}],"author":[{"embeddable":true,"href":"https:\/\/udbudsdanmark.dk\/index.php\/wp-json\/wp\/v2\/users\/1"}],"replies":[{"embeddable":true,"href":"https:\/\/udbudsdanmark.dk\/index.php\/wp-json\/wp\/v2\/comments?post=8"}],"version-history":[{"count":21,"href":"https:\/\/udbudsdanmark.dk\/index.php\/wp-json\/wp\/v2\/pages\/8\/revisions"}],"predecessor-version":[{"id":283,"href":"https:\/\/udbudsdanmark.dk\/index.php\/wp-json\/wp\/v2\/pages\/8\/revisions\/283"}],"wp:attachment":[{"href":"https:\/\/udbudsdanmark.dk\/index.php\/wp-json\/wp\/v2\/media?parent=8"}],"curies":[{"name":"wp","href":"https:\/\/api.w.org\/{rel}","templated":true}]}}